{"id":163,"date":"2024-07-11T11:04:15","date_gmt":"2024-07-11T11:04:15","guid":{"rendered":"https:\/\/sanatoriocuruzu.com.ar\/wp\/?page_id=163"},"modified":"2025-08-18T23:22:50","modified_gmt":"2025-08-18T23:22:50","slug":"internacion","status":"publish","type":"page","link":"https:\/\/sanatoriocuruzu.com.ar\/wp\/internacion\/","title":{"rendered":"Internacion"},"content":{"rendered":"<div class=\"brz-root__container brz-reset-all\">\n<section id=\"bhyBCENk0He5\" class=\"brz-section brz-css-tKFFo brz-css-ngfM0\">\n<div class=\"brz-section__content brz-section--fullWidth brz-css-dvLsp brz-css-wSaIb\" data-brz-custom-id=\"hk8UdPmpk6VU\">\n<div class=\"brz-container brz-css-frvBc brz-css-iHNuL\">\n<div class=\"brz-row__container brz-css-vSEOc\" data-brz-custom-id=\"j9mygLH_gEIt\">\n<div class=\"brz-bg\"><\/div>\n<div class=\"brz-row brz-css-byRE_ brz-css-fR6N8\">\n<div class=\"brz-columns brz-css-s1Otk brz-css-jeCE9\" data-brz-custom-id=\"mY3V4lTsDgSr\">\n<div class=\"brz-bg\"><\/div>\n<div class=\"brz-column__items brz-css-siTGc\">\n<div id class=\"brz-css-jP6RO brz-wrapper\">\n<div class=\"brz-image brz-css-jW1HD\" data-brz-custom-id=\"vb0MygqQVkJ4\"><a class=\"brz-a\" href=\"\" target=\"_self\" rel=\"noopener\" data-brz-link-type=\"page\"><img decoding=\"async\" class=\"brz-img\" src=\"https:\/\/sanatoriocuruzu.com.ar\/wp\/wp-content\/uploads\/2024\/07\/logo.png\" alt=\"\" loading=\"lazy\"><\/a><\/div>\n<\/div>\n<\/div>\n<p><a class=\"brz-a brz-container-link\" href=\"\" target=\"_self\" rel=\"noopener\" data-brz-link-type=\"page\"><\/a><\/div>\n<div class=\"brz-columns brz-css-s1Otk brz-css-lmEFB\" data-brz-custom-id=\"buuYVSJt6S1C\">\n<div class=\"brz-bg\"><\/div>\n<div class=\"brz-column__items brz-css-siTGc\">\n<div id class=\"brz-css-jP6RO brz-css-t9478 brz-wrapper\">\n<div class=\"brz-image brz-css-rsdfd\" data-brz-custom-id=\"nRUDyxKtCYZu\"><a class=\"brz-a\" href=\"\" target=\"_self\" rel=\"noopener\" data-brz-link-type=\"page\"><img decoding=\"async\" class=\"brz-img\" src=\"https:\/\/sanatoriocuruzu.com.ar\/wp\/wp-content\/uploads\/2024\/07\/cropped-lg-1.png\" alt=\"\" loading=\"lazy\"><\/a><\/div>\n<\/div>\n<\/div>\n<\/div>\n<div class=\"brz-columns brz-css-s1Otk brz-css-wBfk9\" data-brz-custom-id=\"brce04x0Acss\">\n<div class=\"brz-bg\"><\/div>\n<div class=\"brz-column__items brz-css-siTGc brz-css-lQKwW\">\n<div class=\"brz-wrapper-clone brz-css-fVl7z brz-css-tJZha\">\n<div class=\"brz-d-xs-flex brz-flex-xs-wrap brz-css-pi0Hb brz-css-wjeKI\" data-brz-custom-id>\n<div class=\"brz-wrapper-clone__item\" id=\"ynJdpk9e7WQn\"><a class=\"brz-a brz-btn brz-css-xa6Ol brz-css-m3ryC\" href=\"https:\/\/portal.corr.globalapp.ar\/sanatoriocuruzu\/loading\" target=\"_blank\" rel=\"noopener\" data-brz-link-type=\"external\" data-brz-custom-id=\"ynJdpk9e7WQn\"><span data-brz-translate-text=\"1\" class=\"brz-span brz-text__editor\">PORTAL DEL PACIENTE<\/span><\/a><\/div>\n<\/div>\n<\/div>\n<\/div>\n<\/div>\n<div class=\"brz-columns brz-css-s1Otk brz-css-tnLCT\" data-brz-custom-id=\"tlf1SjC_tycB\">\n<div class=\"brz-bg\"><\/div>\n<div class=\"brz-column__items brz-css-siTGc brz-css-gjFEg\">\n<div id class=\"brz-css-jP6RO brz-css-owAr5 brz-wrapper\">\n<div class=\"brz-menu-simple brz-css-zJRyn brz-css-oN2Xo\">\n<div class=\"brz-menu-simple__toggle brz-menu-simple__toggle--tablet brz-menu-simple__toggle--mobile\"><label class=\"brz-menu-simple__icon\" for=\"brz-menu-simple__btn-suy7Y\"><span class=\"brz-menu-simple__icon--bars\"><\/span><\/label><\/p>\n<div style=\"min-height:20px\"><\/div>\n<\/div>\n<\/div>\n<\/div>\n<\/div>\n<\/div>\n<\/div>\n<\/div>\n<\/div>\n<\/div>\n<\/section>\n<section id=\"w3BHv4SSVYK0\" class=\"brz-section brz-css-tKFFo\">\n<div class=\"brz-section__content brz-section--boxed brz-css-dvLsp brz-css-aqDpb\" data-brz-custom-id=\"ygmuALOQlM4o\">\n<div class=\"brz-container brz-css-frvBc\">\n<div id class=\"brz-css-jP6RO brz-css-chDBY brz-wrapper\">\n<div class=\"brz-wp-shortcode brz-css-m854X\" data-brz-custom-id=\"gWTnTo1OGv7p\">\n<div><\/div>\n<\/div>\n<\/div>\n<\/div>\n<\/div>\n<\/section>\n<section id=\"fFAVcvHVXrON\" class=\"brz-section brz-css-tKFFo\">\n<div class=\"brz-section__content brz-section--boxed brz-css-dvLsp brz-css-sTxEm\" data-brz-custom-id=\"nCCx5E3XMvYc\">\n<div class=\"brz-container brz-css-frvBc\">\n<div class=\"brz-row__container brz-css-vSEOc\" data-brz-custom-id=\"rZnXeGb58iGx\">\n<div class=\"brz-bg\"><\/div>\n<div class=\"brz-row brz-css-byRE_ brz-css-fR6N8\">\n<div class=\"brz-columns brz-css-s1Otk brz-css-n7urZ\" data-brz-custom-id=\"cDBqxjTyKytN\">\n<div class=\"brz-bg\">\n<div class=\"brz-bg-color\"><\/div>\n<\/div>\n<div class=\"brz-column__items brz-css-siTGc brz-css-xJ24B\">\n<div id class=\"brz-css-jP6RO brz-css-puRCX brz-wrapper\">\n<div class=\"brz-spacer brz-css-hTjmg brz-css-vz_0n\"><\/div>\n<\/div>\n<div id class=\"brz-css-jP6RO brz-css-puRCX brz-css-xUG90 brz-wrapper\">\n<div class=\"brz-spacer brz-css-hTjmg brz-css-aIUT9\"><\/div>\n<\/div>\n<div id class=\"brz-css-jP6RO brz-wrapper\">\n<div class=\"brz-rich-text brz-rich-text__custom brz-css-d9M_x\" data-brz-custom-id=\"fwBWFqrHT26z\">\n<div data-brz-translate-text=\"1\">\n<p class=\"brz-tp-lg-paragraph brz-text-lg-center brz-css-vB1Vm\" data-generated-css=\"brz-css-or_ga\" data-uniq-id=\"qqFE_\"><strong class=\"brz-cp-color7\">EMERGENCIAS LAS 24 HS Y M\u00c9DICOS A CARGO POR SECTOR<\/strong><span class=\"brz-cp-color7\"> <\/span><\/p>\n<\/div>\n<\/div>\n<\/div>\n<div id class=\"brz-css-jP6RO brz-css-puRCX brz-wrapper\">\n<div class=\"brz-spacer brz-css-hTjmg brz-css-pkVZo\"><\/div>\n<\/div>\n<\/div>\n<\/div>\n<div class=\"brz-columns brz-css-s1Otk brz-css-pgoUg\" data-brz-custom-id=\"hSB4DkYdakH0\">\n<div class=\"brz-bg\">\n<div class=\"brz-bg-color\"><\/div>\n<\/div>\n<div class=\"brz-column__items brz-css-siTGc brz-css-df1Jq\">\n<div id class=\"brz-css-jP6RO brz-css-puRCX brz-wrapper\">\n<div class=\"brz-spacer brz-css-hTjmg brz-css-z4AGc\"><\/div>\n<\/div>\n<div id class=\"brz-css-jP6RO brz-css-puRCX brz-wrapper\">\n<div class=\"brz-spacer brz-css-hTjmg brz-css-fXdSn\"><\/div>\n<\/div>\n<div id class=\"brz-css-jP6RO brz-wrapper\">\n<div class=\"brz-rich-text brz-rich-text__custom brz-css-d9M_x\" data-brz-custom-id=\"ult2kC8uHXdE\">\n<div data-brz-translate-text=\"1\">\n<h6 class=\"brz-tp-lg-heading6 brz-mb-lg-20 brz-text-lg-center brz-css-sA6E6\" data-generated-css=\"brz-css-oUgS3\" data-uniq-id=\"oonNH\"><strong class=\"brz-cp-color8\">HABITACIONES INDIVIDUALES O COMPARTIDAS, CONFORTABLES, LUMINOSAS, CON PINTURA Y Z\u00d3CALOS SANITARIOS.<\/strong><\/h6>\n<\/div>\n<\/div>\n<\/div>\n<div id class=\"brz-css-jP6RO brz-css-puRCX brz-wrapper\">\n<div class=\"brz-spacer brz-css-hTjmg brz-css-ldgyc\"><\/div>\n<\/div>\n<\/div>\n<\/div>\n<div class=\"brz-columns brz-css-s1Otk brz-css-r4mHX\" data-brz-custom-id=\"wPtS1zdGECou\">\n<div class=\"brz-bg\">\n<div class=\"brz-bg-color\"><\/div>\n<\/div>\n<div class=\"brz-column__items brz-css-siTGc brz-css-uCg8g\">\n<div id class=\"brz-css-jP6RO brz-css-puRCX brz-wrapper\">\n<div class=\"brz-spacer brz-css-hTjmg brz-css-eqI8N\"><\/div>\n<\/div>\n<div id class=\"brz-css-jP6RO brz-css-puRCX brz-wrapper\">\n<div class=\"brz-spacer brz-css-hTjmg brz-css-a2xlP\"><\/div>\n<\/div>\n<div id class=\"brz-css-jP6RO brz-wrapper\">\n<div class=\"brz-rich-text brz-rich-text__custom brz-css-d9M_x\" data-brz-custom-id=\"r7zom6lr66HK\">\n<div data-brz-translate-text=\"1\">\n<h6 class=\"brz-tp-lg-heading6 brz-mb-lg-20 brz-text-lg-center brz-css-dYZkI\" data-generated-css=\"brz-css-fVQKJ\" data-uniq-id=\"bO3R8\"><strong class=\"brz-cp-color8\">TODAS LAS HABITACIONES EST\u00c1N EQUIPADAS CON SMART TV, CALEFACCI\u00d3N FR\u00cdO\/CALOR Y SERVICIO DE WIFI<\/strong><\/h6>\n<\/div>\n<\/div>\n<\/div>\n<div id class=\"brz-css-jP6RO brz-css-puRCX brz-wrapper\">\n<div class=\"brz-spacer brz-css-hTjmg brz-css-qBAkf\"><\/div>\n<\/div>\n<\/div>\n<\/div>\n<\/div>\n<\/div>\n<div id class=\"brz-css-jP6RO brz-css-puRCX brz-css-vSdIK brz-wrapper\">\n<div class=\"brz-spacer brz-css-hTjmg brz-css-cSfj0\"><\/div>\n<\/div>\n<\/div>\n<\/div>\n<\/section>\n<section id=\"footer\" class=\"brz-section brz-css-tKFFo\">\n<div class=\"brz-section__content brz-section--boxed brz-css-dvLsp brz-css-mQ3Yh\" data-brz-custom-id=\"x4h3YhgfR3JI\">\n<div class=\"brz-bg\">\n<div class=\"brz-bg-color\"><\/div>\n<div class=\"brz-bg-shape brz-bg-shape__top\"><\/div>\n<\/div>\n<div class=\"brz-container brz-css-frvBc\">\n<div class=\"brz-row__container brz-css-vSEOc\" data-brz-custom-id=\"jGr3OJPtDFuy\">\n<div class=\"brz-bg\"><\/div>\n<div class=\"brz-row brz-css-byRE_ brz-css-fR6N8\">\n<div class=\"brz-columns brz-css-s1Otk brz-css-vDvFh\" data-brz-custom-id=\"j1Dw22VQ_iaw\">\n<div class=\"brz-bg\"><\/div>\n<div class=\"brz-column__items brz-css-siTGc brz-css-qJ5W4\">\n<div id class=\"brz-css-jP6RO brz-wrapper\">\n<div class=\"brz-rich-text brz-rich-text__custom brz-css-d9M_x\" data-brz-custom-id=\"uGMmcgoRXSEl\">\n<div data-brz-translate-text=\"1\">\n<p class=\"brz-fs-sm-27 brz-tp-sm-empty brz-fsft-sm-0 brz-fwdth-sm-100 brz-vfw-sm-400 brz-lh-sm-1_9 brz-ls-sm-0 brz-fw-sm-900 brz-fss-sm-px brz-fsft-lg-0 brz-fwdth-lg-100 brz-vfw-lg-400 brz-lh-lg-1_9 brz-ls-lg-0 brz-fw-lg-900 brz-fss-lg-px brz-fs-lg-33 brz-tp-lg-empty brz-fss-xs-px brz-fw-xs-900 brz-ls-xs-0 brz-lh-xs-1_9 brz-vfw-xs-400 brz-fwdth-xs-100 brz-fsft-xs-0 brz-ff-overpass brz-ft-google brz-tp-xs-empty brz-fs-xs-24 brz-css-aj4pa\" data-uniq-id=\"aYL3Y\" data-generated-css=\"brz-css-u908n\"><span>NORMAS INSTITUCIONALES<\/span><\/p>\n<\/div>\n<\/div>\n<\/div>\n<div id class=\"brz-css-jP6RO brz-wrapper\">\n<div class=\"brz-rich-text brz-rich-text__custom brz-css-d9M_x\" data-brz-custom-id=\"pLwxSxbZiBH7\">\n<div data-brz-translate-text=\"1\">\n<h2 class=\"brz-fs-sm-22 brz-tp-sm-empty brz-fsft-sm-0 brz-fwdth-sm-100 brz-vfw-sm-400 brz-lh-sm-1_3 brz-ls-sm-m_1_5 brz-fw-sm-700 brz-fss-sm-px brz-tp-lg-empty brz-fs-lg-24 brz-fss-lg-px brz-fw-lg-700 brz-ls-lg-m_1_5 brz-lh-lg-1_3 brz-vfw-lg-400 brz-fwdth-lg-100 brz-fsft-lg-0 brz-fss-xs-px brz-fw-xs-700 brz-ls-xs-m_1_5 brz-lh-xs-1_3 brz-vfw-xs-400 brz-fwdth-xs-100 brz-fsft-xs-0 brz-ff-overpass brz-ft-google brz-tp-xs-empty brz-fs-xs-20 brz-css-z0ht8\" data-uniq-id=\"hxX9Q\" data-generated-css=\"brz-css-hcojj\"><strong class=\"brz-cp-color8\">Administraci\u00f3n y Secretar\u00edas de turnos:<\/strong><\/h2>\n<\/div>\n<\/div>\n<\/div>\n<div id class=\"brz-css-jP6RO brz-wrapper\">\n<div class=\"brz-rich-text brz-rich-text__custom brz-css-d9M_x\" data-brz-custom-id=\"wc2SfmTgLo_B\">\n<div data-brz-translate-text=\"1\">\n<h2 class=\"brz-fs-sm-14 brz-tp-sm-empty brz-ft-google brz-ff-overpass brz-fsft-sm-0 brz-fwdth-sm-100 brz-vfw-sm-400 brz-lh-sm-1_9 brz-ls-sm-0 brz-fw-sm-400 brz-fss-sm-px brz-fsft-xs-0 brz-fwdth-xs-100 brz-vfw-xs-400 brz-lh-xs-1_9 brz-ls-xs-0 brz-fw-xs-400 brz-fss-xs-px brz-fsft-lg-0 brz-fwdth-lg-100 brz-vfw-lg-400 brz-lh-lg-1_9 brz-ls-lg-0 brz-fw-lg-400 brz-fss-lg-px brz-fs-lg-16 brz-tp-lg-empty brz-tp-xs-empty brz-fs-xs-14 brz-css-gzjbH\" data-generated-css=\"brz-css-f9Ga8\" data-uniq-id=\"mA48u\"><strong class=\"brz-cp-color8\"> \u00b7 Lunes a viernes de 8 a 12 y de 16 a 20<\/strong><\/h2>\n<h2 class=\"brz-fs-sm-14 brz-tp-sm-empty brz-ft-google brz-ff-overpass brz-fsft-sm-0 brz-fwdth-sm-100 brz-vfw-sm-400 brz-lh-sm-1_9 brz-ls-sm-0 brz-fw-sm-400 brz-fss-sm-px brz-fsft-xs-0 brz-fwdth-xs-100 brz-vfw-xs-400 brz-lh-xs-1_9 brz-ls-xs-0 brz-fw-xs-400 brz-fss-xs-px brz-fsft-lg-0 brz-fwdth-lg-100 brz-vfw-lg-400 brz-lh-lg-1_9 brz-ls-lg-0 brz-fw-lg-400 brz-fss-lg-px brz-fs-lg-16 brz-tp-lg-empty brz-tp-xs-empty brz-fs-xs-14 brz-css-nSXC1\" data-generated-css=\"brz-css-qoT66\" data-uniq-id=\"o_VYO\"><strong class=\"brz-cp-color8\">\u00b7 S\u00e1bados de 8 a 12er<\/strong><\/h2>\n<\/div>\n<\/div>\n<\/div>\n<div id class=\"brz-css-jP6RO brz-wrapper\">\n<div class=\"brz-rich-text brz-rich-text__custom brz-css-d9M_x\" data-brz-custom-id=\"i7NesqJc9Uxu\">\n<div data-brz-translate-text=\"1\">\n<h2 class=\"brz-fs-xs-20 brz-tp-xs-empty brz-ft-google brz-ff-overpass brz-fsft-xs-0 brz-fwdth-xs-100 brz-vfw-xs-400 brz-lh-xs-1_3 brz-ls-xs-m_1_5 brz-fw-xs-700 brz-fss-xs-px brz-fss-lg-px brz-fw-lg-700 brz-ls-lg-m_1_5 brz-lh-lg-1_3 brz-vfw-lg-400 brz-fwdth-lg-100 brz-fsft-lg-0 brz-tp-lg-empty brz-fs-lg-24 brz-fss-sm-px brz-fw-sm-700 brz-ls-sm-m_1_5 brz-lh-sm-1_3 brz-vfw-sm-400 brz-fwdth-sm-100 brz-fsft-sm-0 brz-tp-sm-empty brz-fs-sm-22 brz-css-iXMEt\" data-uniq-id=\"u7CkA\" data-generated-css=\"brz-css-wynHH\"><strong class=\"brz-cp-color8\">Horarios de visita en internaci\u00f3n:<\/strong><\/h2>\n<\/div>\n<\/div>\n<\/div>\n<div id class=\"brz-css-jP6RO brz-wrapper\">\n<div class=\"brz-rich-text brz-rich-text__custom brz-css-d9M_x\" data-brz-custom-id=\"zfprzpPqSoxq\">\n<div data-brz-translate-text=\"1\">\n<h2 class=\"brz-fs-sm-14 brz-tp-sm-empty brz-ft-google brz-ff-overpass brz-fsft-sm-0 brz-fwdth-sm-100 brz-vfw-sm-400 brz-lh-sm-1_9 brz-ls-sm-0 brz-fw-sm-400 brz-fss-sm-px brz-fsft-xs-0 brz-fwdth-xs-100 brz-vfw-xs-400 brz-lh-xs-1_9 brz-ls-xs-0 brz-fw-xs-400 brz-fss-xs-px brz-fs-lg-16 brz-tp-lg-empty brz-fsft-lg-0 brz-fwdth-lg-100 brz-vfw-lg-400 brz-lh-lg-1_9 brz-ls-lg-0 brz-fw-lg-400 brz-fss-lg-px brz-tp-xs-empty brz-fs-xs-14 brz-css-juRNz\" data-generated-css=\"brz-css-urqHq\" data-uniq-id=\"dNvIT\"><strong class=\"brz-cp-color8\"> Habitaci\u00f3n com\u00fan de 10 a 12 y de 18 a 20 hs<\/strong><\/h2>\n<h2 class=\"brz-fs-sm-14 brz-tp-sm-empty brz-ft-google brz-ff-overpass brz-fsft-sm-0 brz-fwdth-sm-100 brz-vfw-sm-400 brz-lh-sm-1_9 brz-ls-sm-0 brz-fw-sm-400 brz-fss-sm-px brz-fsft-xs-0 brz-fwdth-xs-100 brz-vfw-xs-400 brz-lh-xs-1_9 brz-ls-xs-0 brz-fw-xs-400 brz-fss-xs-px brz-fs-lg-16 brz-tp-lg-empty brz-fsft-lg-0 brz-fwdth-lg-100 brz-vfw-lg-400 brz-lh-lg-1_9 brz-ls-lg-0 brz-fw-lg-400 brz-fss-lg-px brz-tp-xs-empty brz-fs-xs-14 brz-css-bQ64H\" data-generated-css=\"brz-css-wpbLH\" data-uniq-id=\"ahhn8\"><strong class=\"brz-cp-color8\">\u00b7 Terapia intensiva de 11 a 12 y de 19 a 20 hs<\/strong><\/h2>\n<p class=\"brz-fs-sm-14 brz-tp-sm-empty brz-ft-google brz-ff-overpass brz-fsft-sm-0 brz-fwdth-sm-100 brz-vfw-sm-400 brz-lh-sm-1_9 brz-ls-sm-0 brz-fw-sm-400 brz-fss-sm-px brz-fsft-xs-0 brz-fwdth-xs-100 brz-vfw-xs-400 brz-lh-xs-1_9 brz-ls-xs-0 brz-fw-xs-400 brz-fss-xs-px brz-fs-lg-16 brz-tp-lg-empty brz-fsft-lg-0 brz-fwdth-lg-100 brz-vfw-lg-400 brz-lh-lg-1_9 brz-ls-lg-0 brz-fw-lg-400 brz-fss-lg-px brz-tp-xs-empty brz-fs-xs-14 brz-css-pO57u\" data-generated-css=\"brz-css-sVwkG\" data-uniq-id=\"y7aFg\"><strong class=\"brz-cp-color8\">Las visitas se sugiere que sean una por paciente.<\/strong><\/p>\n<\/div>\n<\/div>\n<\/div>\n<\/div>\n<\/div>\n<div class=\"brz-columns brz-css-s1Otk brz-css-rcs0f\" data-brz-custom-id=\"ggU3nopMGLII\">\n<div class=\"brz-bg\"><\/div>\n<div class=\"brz-column__items brz-css-siTGc\">\n<div id class=\"brz-css-jP6RO brz-css-puRCX brz-css-ghCl2 brz-wrapper\">\n<div class=\"brz-spacer brz-css-hTjmg brz-css-xC8Ga\"><\/div>\n<\/div>\n<div id class=\"brz-css-jP6RO brz-css-bANu8 brz-wrapper\">\n<div class=\"brz-icon-text brz-css-mGk2w brz-css-qfqKn\" data-brz-custom-id=\"nbudPevNyioz\">\n<div class=\"brz-icon__container\" data-brz-custom-id=\"tHrVjLz7BRvR\"><span class=\"brz-icon brz-span brz-css-q90TO brz-css-v67AH\"><\/span><\/div>\n<div class=\"brz-text-btn\">\n<div class=\"brz-rich-text brz-rich-text__custom brz-css-d9M_x\" data-brz-custom-id=\"gYn0XRR5oBBx\">\n<div data-brz-translate-text=\"1\">\n<h6 class=\"brz-tp-lg-heading6 brz-mt-xs-10 brz-mb-xs-0 brz-text-sm-left brz-mb-sm-0 brz-mt-sm-10 brz-mt-lg-10 brz-mb-lg-0 brz-css-p7jFX\" data-generated-css=\"brz-css-j2PKQ\" data-uniq-id=\"bdkt_\"><span class=\"brz-cp-color8\">Juan de Vera 765<\/span><\/h6>\n<\/div>\n<\/div>\n<\/div>\n<\/div>\n<\/div>\n<div id class=\"brz-css-jP6RO brz-css-iQZKN brz-wrapper\">\n<div class=\"brz-icon-text brz-css-mGk2w brz-css-lUey1\" data-brz-custom-id=\"iRwhYEQ5k1ic\">\n<div class=\"brz-icon__container\" data-brz-custom-id=\"iYxBomWBiYCH\"><span class=\"brz-icon brz-span brz-css-q90TO brz-css-lDXM7\"><!--! Font Awesome Free 6.4.0 by @fontawesome - https:\/\/fontawesome.com License - https:\/\/fontawesome.com\/license\/free (Icons: CC BY 4.0, Fonts: SIL OFL 1.1, Code: MIT License) Copyright 2023 Fonticons, Inc.--><\/span><\/div>\n<div class=\"brz-text-btn\">\n<div class=\"brz-rich-text brz-rich-text__custom brz-css-d9M_x\" data-brz-custom-id=\"o9OUaFQZKqv7\">\n<div data-brz-translate-text=\"1\">\n<h6 class=\"brz-tp-lg-heading6 brz-mt-xs-10 brz-mb-xs-0 brz-mb-sm-0 brz-mt-sm-10 brz-mt-lg-10 brz-mb-lg-0 brz-css-wV1jl\" data-generated-css=\"brz-css-zvqng\" data-uniq-id=\"dJWII\"><span class=\"brz-cp-color8\">(3774) 422427-2428-2400-2555<\/span><\/h6>\n<\/div>\n<\/div>\n<\/div>\n<\/div>\n<\/div>\n<div id class=\"brz-css-jP6RO brz-css-hB8kG brz-wrapper\">\n<div class=\"brz-icon-text brz-css-mGk2w brz-css-pl8Aw\" data-brz-custom-id=\"ch8ijLdeQC50\">\n<div class=\"brz-icon__container\" data-brz-custom-id=\"b9UlmvD8nrFQ\"><span class=\"brz-icon brz-span brz-css-q90TO brz-css-skcPq\"><\/span><\/div>\n<div class=\"brz-text-btn\">\n<div class=\"brz-rich-text brz-rich-text__custom brz-css-d9M_x\" data-brz-custom-id=\"xsOD3WP2fC85\">\n<div data-brz-translate-text=\"1\">\n<h6 class=\"brz-tp-lg-heading6 brz-mt-xs-10 brz-mb-xs-0 brz-mt-sm-10 brz-mb-sm-0 brz-mt-lg-10 brz-mb-lg-0 brz-css-al8sw\" data-uniq-id=\"iTBHR\" data-generated-css=\"brz-css-iLaGL\"><span class=\"brz-cp-color8\">sanatoriocuruzu@curuzu.net<\/span><\/h6>\n<\/div>\n<\/div>\n<\/div>\n<\/div>\n<\/div>\n<div id class=\"brz-css-jP6RO brz-css-blQNj brz-wrapper\">\n<div class=\"brz-icon-text brz-css-mGk2w brz-css-pT8ii\" data-brz-custom-id=\"mgm_lTDLcIN1\">\n<div class=\"brz-icon__container\" data-brz-custom-id=\"k0lFaqvTmk9w\"><span class=\"brz-icon brz-span brz-css-q90TO brz-css-jgzGT\"><\/span><\/div>\n<div class=\"brz-text-btn\">\n<div class=\"brz-rich-text brz-rich-text__custom brz-css-d9M_x\" data-brz-custom-id=\"w3n1R3IceIsx\">\n<div data-brz-translate-text=\"1\">\n<h6 class=\"brz-tp-lg-heading6 brz-mb-xs-0 brz-mt-xs-10 brz-mt-sm-10 brz-mb-sm-0 brz-mt-lg-10 brz-mb-lg-0 brz-css-dhpYU\" data-generated-css=\"brz-css-ddjMB\" data-uniq-id=\"pMBRD\"><span class=\"brz-cp-color8\">www.sanatoriocuruzu.com.ar<\/span><\/h6>\n<\/div>\n<\/div>\n<\/div>\n<\/div>\n<\/div>\n<\/div>\n<\/div>\n<div class=\"brz-columns brz-css-s1Otk brz-css-p8OSK\" data-brz-custom-id=\"eqZ3thzvg2Fc\">\n<div class=\"brz-bg\"><\/div>\n<div class=\"brz-column__items brz-css-siTGc brz-css-qkLr1\">\n<div id class=\"brz-css-jP6RO brz-css-jpzCe brz-wrapper\">\n<div class=\"brz-map brz-map_styles brz-css-owQBr brz-css-asJ5g\" data-brz-custom-id=\"jonvG05e0Wgc\">\n<div class=\"brz-ui-ed-map-content\"><\/div>\n<\/div>\n<\/div>\n<\/div>\n<\/div>\n<\/div>\n<\/div>\n<\/div>\n<\/div>\n<\/section>\n<\/div>\n<p>    <!-- version:1721754511 --><\/p>\n","protected":false},"excerpt":{"rendered":"<p>PORTAL DEL PACIENTE EMERGENCIAS LAS 24 HS Y M\u00c9DICOS A CARGO POR SECTOR HABITACIONES INDIVIDUALES O COMPARTIDAS, CONFORTABLES, LUMINOSAS, CON PINTURA Y Z\u00d3CALOS SANITARIOS. TODAS LAS HABITACIONES EST\u00c1N EQUIPADAS CON SMART TV, CALEFACCI\u00d3N FR\u00cdO\/CALOR Y SERVICIO DE WIFI NORMAS INSTITUCIONALES Administraci\u00f3n y Secretar\u00edas de turnos: \u00b7 Lunes a viernes de 8 a 12 y de [&hellip;]<\/p>\n","protected":false},"author":1,"featured_media":0,"parent":0,"menu_order":0,"comment_status":"closed","ping_status":"closed","template":"brizy-blank-template.php","meta":{"footnotes":""},"class_list":["post-163","page","type-page","status-publish","hentry"],"_links":{"self":[{"href":"https:\/\/sanatoriocuruzu.com.ar\/wp\/wp-json\/wp\/v2\/pages\/163","targetHints":{"allow":["GET"]}}],"collection":[{"href":"https:\/\/sanatoriocuruzu.com.ar\/wp\/wp-json\/wp\/v2\/pages"}],"about":[{"href":"https:\/\/sanatoriocuruzu.com.ar\/wp\/wp-json\/wp\/v2\/types\/page"}],"author":[{"embeddable":true,"href":"https:\/\/sanatoriocuruzu.com.ar\/wp\/wp-json\/wp\/v2\/users\/1"}],"replies":[{"embeddable":true,"href":"https:\/\/sanatoriocuruzu.com.ar\/wp\/wp-json\/wp\/v2\/comments?post=163"}],"version-history":[{"count":15,"href":"https:\/\/sanatoriocuruzu.com.ar\/wp\/wp-json\/wp\/v2\/pages\/163\/revisions"}],"predecessor-version":[{"id":816,"href":"https:\/\/sanatoriocuruzu.com.ar\/wp\/wp-json\/wp\/v2\/pages\/163\/revisions\/816"}],"wp:attachment":[{"href":"https:\/\/sanatoriocuruzu.com.ar\/wp\/wp-json\/wp\/v2\/media?parent=163"}],"curies":[{"name":"wp","href":"https:\/\/api.w.org\/{rel}","templated":true}]}}